{"id":62,"date":"2019-05-08T09:15:21","date_gmt":"2019-05-08T09:15:21","guid":{"rendered":"https:\/\/www.brasil-dance.de\/?page_id=62"},"modified":"2023-02-26T12:36:08","modified_gmt":"2023-02-26T12:36:08","slug":"angebot-2","status":"publish","type":"page","link":"https:\/\/www.brasil-dance.de\/?page_id=62","title":{"rendered":"Brasil Show"},"content":{"rendered":"\t\t<div data-elementor-type=\"wp-post\" data-elementor-id=\"62\" class=\"elementor elementor-62\">\n\t\t\t\t\t\t<div class=\"elementor-inner\">\n\t\t\t\t<div class=\"elementor-section-wrap\">\n\t\t\t\t\t\t\t\t\t<section class=\"elementor-section elementor-top-section elementor-element elementor-element-d8bb38b animated-slow elementor-section-boxed elementor-section-height-default elementor-section-height-default elementor-invisible\" data-id=\"d8bb38b\" data-element_type=\"section\" data-settings=\"{&quot;background_background&quot;:&quot;classic&quot;,&quot;animation&quot;:&quot;fadeIn&quot;}\">\n\t\t\t\t\t\t<div class=\"elementor-container elementor-column-gap-default\">\n\t\t\t\t\t\t\t<div class=\"elementor-row\">\n\t\t\t\t\t<div class=\"elementor-column elementor-col-100 elementor-top-column elementor-element elementor-element-b721d60\" data-id=\"b721d60\" data-element_type=\"column\">\n\t\t\t<div class=\"elementor-column-wrap elementor-element-populated\">\n\t\t\t\t\t\t\t<div class=\"elementor-widget-wrap\">\n\t\t\t\t\t\t<div class=\"elementor-element elementor-element-045170b animated-slow elementor-invisible elementor-widget elementor-widget-heading\" data-id=\"045170b\" data-element_type=\"widget\" data-settings=\"{&quot;_animation&quot;:&quot;fadeIn&quot;}\" data-widget_type=\"heading.default\">\n\t\t\t\t<div class=\"elementor-widget-container\">\n\t\t\t<h1 class=\"elementor-heading-title elementor-size-default\">Brasil Show<\/h1>\t\t<\/div>\n\t\t\t\t<\/div>\n\t\t\t\t<div class=\"elementor-element elementor-element-087642b elementor-widget elementor-widget-text-editor\" data-id=\"087642b\" data-element_type=\"widget\" data-widget_type=\"text-editor.default\">\n\t\t\t\t<div class=\"elementor-widget-container\">\n\t\t\t\t\t\t\t\t<div class=\"elementor-text-editor elementor-clearfix\">\n\t\t\t\t<p>Die &#8222;Brasil Exotik Show&#8220; wird Ihnen mit viel Charm und einem Hauch Exotik, von den temperamentvollen T\u00e4nzerinnen (und T\u00e4nzer) in ihren glitzernden Kost\u00fcmen pr\u00e4sentiert.<\/p>\t\t\t\t\t<\/div>\n\t\t\t\t\t\t<\/div>\n\t\t\t\t<\/div>\n\t\t\t\t<section class=\"elementor-section elementor-inner-section elementor-element elementor-element-8255d85 elementor-section-boxed elementor-section-height-default elementor-section-height-default\" data-id=\"8255d85\" data-element_type=\"section\">\n\t\t\t\t\t\t<div class=\"elementor-container elementor-column-gap-default\">\n\t\t\t\t\t\t\t<div class=\"elementor-row\">\n\t\t\t\t\t<div class=\"elementor-column elementor-col-50 elementor-inner-column elementor-element elementor-element-653d844\" data-id=\"653d844\" data-element_type=\"column\">\n\t\t\t<div class=\"elementor-column-wrap elementor-element-populated\">\n\t\t\t\t\t\t\t<div class=\"elementor-widget-wrap\">\n\t\t\t\t\t\t<div class=\"elementor-element elementor-element-9c0213f elementor-widget elementor-widget-text-editor\" data-id=\"9c0213f\" data-element_type=\"widget\" data-widget_type=\"text-editor.default\">\n\t\t\t\t<div class=\"elementor-widget-container\">\n\t\t\t\t\t\t\t\t<div class=\"elementor-text-editor elementor-clearfix\">\n\t\t\t\t<h2><b>Der Anlass<\/b><\/h2><p><b>Eine Brasil Exotik Show passt zu vielen Anl\u00e4ssen:<\/b><\/p><ul><li>Geburtstagsfeiern<\/li><li>Hochzeiten, (auch silberne und goldene)<\/li><li>Partys, B\u00e4lle, Faschingsfeste<\/li><li>Firmen- und Vereinsfeiern<\/li><li>Sommer-, Stra\u00dfen- und Stadtfeste<\/li><li>Weihnachtsfeiern<\/li><li>Er\u00f6ffnungen und Jubil\u00e4en<\/li><li>Vernissagen und Modenschauen<\/li><li>Oder einfach f\u00fcr <b>eine Party mit besonderen Flair<\/b><\/li><\/ul><p>Die Samba-Sch\u00f6nheiten k\u00f6nnen zus\u00e4tzlich bei <b>Werbeaktionen und Messeauftritte<\/b>, gebucht werden. Sie dienen Ihnen als Publikumsmagnet oder als besonderer Blickfang f\u00fcr den G\u00e4steempfang.<\/p>\t\t\t\t\t<\/div>\n\t\t\t\t\t\t<\/div>\n\t\t\t\t<\/div>\n\t\t\t\t\t\t<\/div>\n\t\t\t\t\t<\/div>\n\t\t<\/div>\n\t\t\t\t<div class=\"elementor-column elementor-col-50 elementor-inner-column elementor-element elementor-element-b4e3a06\" data-id=\"b4e3a06\" data-element_type=\"column\">\n\t\t\t<div class=\"elementor-column-wrap elementor-element-populated\">\n\t\t\t\t\t\t\t<div class=\"elementor-widget-wrap\">\n\t\t\t\t\t\t<div class=\"elementor-element elementor-element-89629d1 elementor-widget elementor-widget-text-editor\" data-id=\"89629d1\" data-element_type=\"widget\" data-widget_type=\"text-editor.default\">\n\t\t\t\t<div class=\"elementor-widget-container\">\n\t\t\t\t\t\t\t\t<div class=\"elementor-text-editor elementor-clearfix\">\n\t\t\t\t<p>\u00a0<\/p><p><b><br \/>Rahmenbedingungen<\/b><\/p><ul><li><p>Eine gute Musikanlage<\/p><\/li><li><p>Ein Raum zum Umkleiden<\/p><\/li><\/ul><p><strong>Wichtig ist auch der richtige Zeitpunkt<\/strong><\/p><ul><li><p>Ein guter Zeitpunkt f\u00fcr die Show ist h\u00e4ufig die Zeit nach dem Essen oder sp\u00e4ter. Wenn auch getanzt werden soll, ist eine Sambashow oft das richtige Opening, damit die G\u00e4ste die Tanzlust packt.<\/p><\/li><\/ul><p><b><br \/>Platzierung<\/b><\/p><p>Das Publikum sollte von einer Richtung aus zuschauen k\u00f6nnen.<br \/>Nach Absprache mit dem Auftraggeber werden die G\u00e4ste miteinbezogen.<\/p>\t\t\t\t\t<\/div>\n\t\t\t\t\t\t<\/div>\n\t\t\t\t<\/div>\n\t\t\t\t\t\t<\/div>\n\t\t\t\t\t<\/div>\n\t\t<\/div>\n\t\t\t\t\t\t\t\t<\/div>\n\t\t\t\t\t<\/div>\n\t\t<\/section>\n\t\t\t\t<div class=\"elementor-element elementor-element-881d612 elementor-widget-divider--view-line elementor-widget elementor-widget-divider\" data-id=\"881d612\" data-element_type=\"widget\" data-widget_type=\"divider.default\">\n\t\t\t\t<div class=\"elementor-widget-container\">\n\t\t\t\t\t<div class=\"elementor-divider\">\n\t\t\t<span class=\"elementor-divider-separator\">\n\t\t\t\t\t\t<\/span>\n\t\t<\/div>\n\t\t\t\t<\/div>\n\t\t\t\t<\/div>\n\t\t\t\t<div class=\"elementor-element elementor-element-0a62576 elementor-widget elementor-widget-text-editor\" data-id=\"0a62576\" data-element_type=\"widget\" data-widget_type=\"text-editor.default\">\n\t\t\t\t<div class=\"elementor-widget-container\">\n\t\t\t\t\t\t\t\t<div class=\"elementor-text-editor elementor-clearfix\">\n\t\t\t\t<p><b>Anregungen, wenn Sie die Sambashow verschenken<\/b><\/p><ul><li>Platzieren Sie den Beschenkten auf einem besonderen Platz, mit der gleichen Blickrichtung wie die G\u00e4ste<\/li><li>\u00dcberlegen Sie sich eine sch\u00f6ne Ansage<\/li><li>Halten Sie die Kamera bereit f\u00fcr ein paar sch\u00f6ne Erinnerungsfotos<\/li><\/ul><p><b>Gesch\u00e4ftlicher Rahmen<\/b><\/p><p>Bei gesch\u00e4ftlichen Anl\u00e4ssen ist die Sambashow oft die ideale Br\u00fccke zwischen dem offizielleren und dem lockereren Teil oder ein guter Abschluss, weil es die G\u00e4ste auflockert, ohne anst\u00f6\u00dfig zu sein.<\/p><p><b>Samba-Trommler<\/b><\/p><p>Als akustische und visuelle Bereicherung<\/p><p><b>Capoeira Show <\/b><\/p><p>Die T\u00e4nzer wirbeln durch die Luft und beeindr\u00fccken durch akrobatische Hochleistungen<\/p><p><b><img decoding=\"async\" loading=\"lazy\" class=\"alignnone size-medium wp-image-314\" src=\"https:\/\/www.brasil-dance.de\/wp-content\/uploads\/2019\/05\/cap-300x169.jpg\" alt=\"Brasil Dance Samba Show\" width=\"300\" height=\"169\" srcset=\"https:\/\/www.brasil-dance.de\/wp-content\/uploads\/2019\/05\/cap-300x169.jpg 300w, https:\/\/www.brasil-dance.de\/wp-content\/uploads\/2019\/05\/cap.jpg 575w\" sizes=\"(max-width: 300px) 100vw, 300px\" \/><\/b><\/p><p><b><img decoding=\"async\" loading=\"lazy\" class=\"alignnone size-medium wp-image-316\" src=\"https:\/\/www.brasil-dance.de\/wp-content\/uploads\/2019\/05\/Capoeira-300x210.jpg\" alt=\"Brasil Dance Samba Show\" width=\"300\" height=\"210\" srcset=\"https:\/\/www.brasil-dance.de\/wp-content\/uploads\/2019\/05\/Capoeira-300x210.jpg 300w, https:\/\/www.brasil-dance.de\/wp-content\/uploads\/2019\/05\/Capoeira-768x538.jpg 768w, https:\/\/www.brasil-dance.de\/wp-content\/uploads\/2019\/05\/Capoeira.jpg 800w\" sizes=\"(max-width: 300px) 100vw, 300px\" \/><br \/><\/b><\/p><p>\u00a0<\/p>\t\t\t\t\t<\/div>\n\t\t\t\t\t\t<\/div>\n\t\t\t\t<\/div>\n\t\t\t\t\t\t<\/div>\n\t\t\t\t\t<\/div>\n\t\t<\/div>\n\t\t\t\t\t\t\t\t<\/div>\n\t\t\t\t\t<\/div>\n\t\t<\/section>\n\t\t\t\t<section class=\"elementor-section elementor-top-section elementor-element elementor-element-8fd513e elementor-section-boxed elementor-section-height-default elementor-section-height-default\" data-id=\"8fd513e\" data-element_type=\"section\">\n\t\t\t\t\t\t<div class=\"elementor-container elementor-column-gap-default\">\n\t\t\t\t\t\t\t<div class=\"elementor-row\">\n\t\t\t\t\t<div class=\"elementor-column elementor-col-100 elementor-top-column elementor-element elementor-element-0a1b053\" data-id=\"0a1b053\" data-element_type=\"column\">\n\t\t\t<div class=\"elementor-column-wrap elementor-element-populated\">\n\t\t\t\t\t\t\t<div class=\"elementor-widget-wrap\">\n\t\t\t\t\t\t<div class=\"elementor-element elementor-element-3959919 elementor-widget elementor-widget-spacer\" data-id=\"3959919\" data-element_type=\"widget\" data-widget_type=\"spacer.default\">\n\t\t\t\t<div class=\"elementor-widget-container\">\n\t\t\t\t\t<div class=\"elementor-spacer\">\n\t\t\t<div class=\"elementor-spacer-inner\"><\/div>\n\t\t<\/div>\n\t\t\t\t<\/div>\n\t\t\t\t<\/div>\n\t\t\t\t\t\t<\/div>\n\t\t\t\t\t<\/div>\n\t\t<\/div>\n\t\t\t\t\t\t\t\t<\/div>\n\t\t\t\t\t<\/div>\n\t\t<\/section>\n\t\t\t\t\t\t\t\t\t<\/div>\n\t\t\t<\/div>\n\t\t\t\t\t<\/div>\n\t\t","protected":false},"excerpt":{"rendered":"<p>Brasil Show Die &#8222;Brasil Exotik Show&#8220; wird Ihnen mit viel Charm und einem Hauch Exotik, von den temperamentvollen T\u00e4nzerinnen (und T\u00e4nzer) in ihren glitzernden Kost\u00fcmen pr\u00e4sentiert. Der Anlass Eine Brasil Exotik Show passt zu vielen Anl\u00e4ssen: Geburtstagsfeiern Hochzeiten, (auch silberne und goldene) Partys, B\u00e4lle, Faschingsfeste Firmen- und Vereinsfeiern Sommer-, Stra\u00dfen- und Stadtfeste Weihnachtsfeiern Er\u00f6ffnungen und [&hellip;]<\/p>\n","protected":false},"author":1,"featured_media":0,"parent":0,"menu_order":0,"comment_status":"closed","ping_status":"closed","template":"","meta":[],"yoast_head":"<!-- This site is optimized with the Yoast SEO plugin v20.1 - https:\/\/yoast.com\/wordpress\/plugins\/seo\/ -->\n<title>Brasil Show - Brasil-Dance<\/title>\n<meta name=\"robots\" content=\"index, follow, max-snippet:-1, max-image-preview:large, max-video-preview:-1\" \/>\n<link rel=\"canonical\" href=\"https:\/\/www.brasil-dance.de\/?page_id=62\" \/>\n<meta property=\"og:locale\" content=\"de_DE\" \/>\n<meta property=\"og:type\" content=\"article\" \/>\n<meta property=\"og:title\" content=\"Brasil Show - Brasil-Dance\" \/>\n<meta property=\"og:description\" content=\"Brasil Show Die &#8222;Brasil Exotik Show&#8220; wird Ihnen mit viel Charm und einem Hauch Exotik, von den temperamentvollen T\u00e4nzerinnen (und T\u00e4nzer) in ihren glitzernden Kost\u00fcmen pr\u00e4sentiert. Der Anlass Eine Brasil Exotik Show passt zu vielen Anl\u00e4ssen: Geburtstagsfeiern Hochzeiten, (auch silberne und goldene) Partys, B\u00e4lle, Faschingsfeste Firmen- und Vereinsfeiern Sommer-, Stra\u00dfen- und Stadtfeste Weihnachtsfeiern Er\u00f6ffnungen und [&hellip;]\" \/>\n<meta property=\"og:url\" content=\"https:\/\/www.brasil-dance.de\/?page_id=62\" \/>\n<meta property=\"og:site_name\" content=\"Brasil-Dance\" \/>\n<meta property=\"article:modified_time\" content=\"2023-02-26T12:36:08+00:00\" \/>\n<meta property=\"og:image\" content=\"https:\/\/www.brasil-dance.de\/wp-content\/uploads\/2019\/05\/cap-300x169.jpg\" \/>\n<meta name=\"twitter:card\" content=\"summary_large_image\" \/>\n<meta name=\"twitter:label1\" content=\"Gesch\u00e4tzte Lesezeit\" \/>\n\t<meta name=\"twitter:data1\" content=\"2\u00a0Minuten\" \/>\n<script type=\"application\/ld+json\" class=\"yoast-schema-graph\">{\"@context\":\"https:\/\/schema.org\",\"@graph\":[{\"@type\":\"WebPage\",\"@id\":\"https:\/\/www.brasil-dance.de\/?page_id=62\",\"url\":\"https:\/\/www.brasil-dance.de\/?page_id=62\",\"name\":\"Brasil Show - Brasil-Dance\",\"isPartOf\":{\"@id\":\"https:\/\/www.brasil-dance.de\/#website\"},\"datePublished\":\"2019-05-08T09:15:21+00:00\",\"dateModified\":\"2023-02-26T12:36:08+00:00\",\"breadcrumb\":{\"@id\":\"https:\/\/www.brasil-dance.de\/?page_id=62#breadcrumb\"},\"inLanguage\":\"de\",\"potentialAction\":[{\"@type\":\"ReadAction\",\"target\":[\"https:\/\/www.brasil-dance.de\/?page_id=62\"]}]},{\"@type\":\"BreadcrumbList\",\"@id\":\"https:\/\/www.brasil-dance.de\/?page_id=62#breadcrumb\",\"itemListElement\":[{\"@type\":\"ListItem\",\"position\":1,\"name\":\"Startseite\",\"item\":\"https:\/\/www.brasil-dance.de\/\"},{\"@type\":\"ListItem\",\"position\":2,\"name\":\"Brasil Show\"}]},{\"@type\":\"WebSite\",\"@id\":\"https:\/\/www.brasil-dance.de\/#website\",\"url\":\"https:\/\/www.brasil-dance.de\/\",\"name\":\"Brasil-Dance\",\"description\":\"\",\"potentialAction\":[{\"@type\":\"SearchAction\",\"target\":{\"@type\":\"EntryPoint\",\"urlTemplate\":\"https:\/\/www.brasil-dance.de\/?s={search_term_string}\"},\"query-input\":\"required name=search_term_string\"}],\"inLanguage\":\"de\"}]}<\/script>\n<!-- \/ Yoast SEO plugin. -->","yoast_head_json":{"title":"Brasil Show - Brasil-Dance","robots":{"index":"index","follow":"follow","max-snippet":"max-snippet:-1","max-image-preview":"max-image-preview:large","max-video-preview":"max-video-preview:-1"},"canonical":"https:\/\/www.brasil-dance.de\/?page_id=62","og_locale":"de_DE","og_type":"article","og_title":"Brasil Show - Brasil-Dance","og_description":"Brasil Show Die &#8222;Brasil Exotik Show&#8220; wird Ihnen mit viel Charm und einem Hauch Exotik, von den temperamentvollen T\u00e4nzerinnen (und T\u00e4nzer) in ihren glitzernden Kost\u00fcmen pr\u00e4sentiert. Der Anlass Eine Brasil Exotik Show passt zu vielen Anl\u00e4ssen: Geburtstagsfeiern Hochzeiten, (auch silberne und goldene) Partys, B\u00e4lle, Faschingsfeste Firmen- und Vereinsfeiern Sommer-, Stra\u00dfen- und Stadtfeste Weihnachtsfeiern Er\u00f6ffnungen und [&hellip;]","og_url":"https:\/\/www.brasil-dance.de\/?page_id=62","og_site_name":"Brasil-Dance","article_modified_time":"2023-02-26T12:36:08+00:00","og_image":[{"url":"https:\/\/www.brasil-dance.de\/wp-content\/uploads\/2019\/05\/cap-300x169.jpg"}],"twitter_card":"summary_large_image","twitter_misc":{"Gesch\u00e4tzte Lesezeit":"2\u00a0Minuten"},"schema":{"@context":"https:\/\/schema.org","@graph":[{"@type":"WebPage","@id":"https:\/\/www.brasil-dance.de\/?page_id=62","url":"https:\/\/www.brasil-dance.de\/?page_id=62","name":"Brasil Show - Brasil-Dance","isPartOf":{"@id":"https:\/\/www.brasil-dance.de\/#website"},"datePublished":"2019-05-08T09:15:21+00:00","dateModified":"2023-02-26T12:36:08+00:00","breadcrumb":{"@id":"https:\/\/www.brasil-dance.de\/?page_id=62#breadcrumb"},"inLanguage":"de","potentialAction":[{"@type":"ReadAction","target":["https:\/\/www.brasil-dance.de\/?page_id=62"]}]},{"@type":"BreadcrumbList","@id":"https:\/\/www.brasil-dance.de\/?page_id=62#breadcrumb","itemListElement":[{"@type":"ListItem","position":1,"name":"Startseite","item":"https:\/\/www.brasil-dance.de\/"},{"@type":"ListItem","position":2,"name":"Brasil Show"}]},{"@type":"WebSite","@id":"https:\/\/www.brasil-dance.de\/#website","url":"https:\/\/www.brasil-dance.de\/","name":"Brasil-Dance","description":"","potentialAction":[{"@type":"SearchAction","target":{"@type":"EntryPoint","urlTemplate":"https:\/\/www.brasil-dance.de\/?s={search_term_string}"},"query-input":"required name=search_term_string"}],"inLanguage":"de"}]}},"_links":{"self":[{"href":"https:\/\/www.brasil-dance.de\/index.php?rest_route=\/wp\/v2\/pages\/62"}],"collection":[{"href":"https:\/\/www.brasil-dance.de\/index.php?rest_route=\/wp\/v2\/pages"}],"about":[{"href":"https:\/\/www.brasil-dance.de\/index.php?rest_route=\/wp\/v2\/types\/page"}],"author":[{"embeddable":true,"href":"https:\/\/www.brasil-dance.de\/index.php?rest_route=\/wp\/v2\/users\/1"}],"replies":[{"embeddable":true,"href":"https:\/\/www.brasil-dance.de\/index.php?rest_route=%2Fwp%2Fv2%2Fcomments&post=62"}],"version-history":[{"count":31,"href":"https:\/\/www.brasil-dance.de\/index.php?rest_route=\/wp\/v2\/pages\/62\/revisions"}],"predecessor-version":[{"id":602,"href":"https:\/\/www.brasil-dance.de\/index.php?rest_route=\/wp\/v2\/pages\/62\/revisions\/602"}],"wp:attachment":[{"href":"https:\/\/www.brasil-dance.de\/index.php?rest_route=%2Fwp%2Fv2%2Fmedia&parent=62"}],"curies":[{"name":"wp","href":"https:\/\/api.w.org\/{rel}","templated":true}]}}