{"id":342,"date":"2019-05-10T08:52:32","date_gmt":"2019-05-10T08:52:32","guid":{"rendered":"https:\/\/www.brasil-dance.de\/?page_id=342"},"modified":"2023-02-26T14:32:16","modified_gmt":"2023-02-26T14:32:16","slug":"bewertungen","status":"publish","type":"page","link":"https:\/\/www.brasil-dance.de\/?page_id=342","title":{"rendered":"Bewertungen"},"content":{"rendered":"\t\t<div data-elementor-type=\"wp-post\" data-elementor-id=\"342\" class=\"elementor elementor-342\">\n\t\t\t\t\t\t<div class=\"elementor-inner\">\n\t\t\t\t<div class=\"elementor-section-wrap\">\n\t\t\t\t\t\t\t\t\t<section class=\"elementor-section elementor-top-section elementor-element elementor-element-7c2d1df animated-slow elementor-section-boxed elementor-section-height-default elementor-section-height-default elementor-invisible\" data-id=\"7c2d1df\" data-element_type=\"section\" data-settings=\"{&quot;background_background&quot;:&quot;classic&quot;,&quot;animation&quot;:&quot;fadeIn&quot;}\">\n\t\t\t\t\t\t<div class=\"elementor-container elementor-column-gap-default\">\n\t\t\t\t\t\t\t<div class=\"elementor-row\">\n\t\t\t\t\t<div class=\"elementor-column elementor-col-100 elementor-top-column elementor-element elementor-element-2d5fafc\" data-id=\"2d5fafc\" data-element_type=\"column\">\n\t\t\t<div class=\"elementor-column-wrap elementor-element-populated\">\n\t\t\t\t\t\t\t<div class=\"elementor-widget-wrap\">\n\t\t\t\t\t\t<div class=\"elementor-element elementor-element-a8d859b elementor-widget elementor-widget-heading\" data-id=\"a8d859b\" data-element_type=\"widget\" data-widget_type=\"heading.default\">\n\t\t\t\t<div class=\"elementor-widget-container\">\n\t\t\t<h1 class=\"elementor-heading-title elementor-size-default\">Bewertungen<\/h1>\t\t<\/div>\n\t\t\t\t<\/div>\n\t\t\t\t<section class=\"elementor-section elementor-inner-section elementor-element elementor-element-c3df6cf animated-slow elementor-section-boxed elementor-section-height-default elementor-section-height-default elementor-invisible\" data-id=\"c3df6cf\" data-element_type=\"section\" data-settings=\"{&quot;animation&quot;:&quot;fadeIn&quot;}\">\n\t\t\t\t\t\t<div class=\"elementor-container elementor-column-gap-default\">\n\t\t\t\t\t\t\t<div class=\"elementor-row\">\n\t\t\t\t\t<div class=\"elementor-column elementor-col-50 elementor-inner-column elementor-element elementor-element-1ce5bc2\" data-id=\"1ce5bc2\" data-element_type=\"column\">\n\t\t\t<div class=\"elementor-column-wrap elementor-element-populated\">\n\t\t\t\t\t\t\t<div class=\"elementor-widget-wrap\">\n\t\t\t\t\t\t<div class=\"elementor-element elementor-element-44da4ec elementor-widget elementor-widget-testimonial\" data-id=\"44da4ec\" data-element_type=\"widget\" data-widget_type=\"testimonial.default\">\n\t\t\t\t<div class=\"elementor-widget-container\">\n\t\t\t\t\t<div class=\"elementor-testimonial-wrapper\">\n\t\t\t\t\t\t\t<div class=\"elementor-testimonial-content\">F\u00fcr unser j\u00e4hrliches Moonlightshopping unter dem Thema \"Sommernachtstraum\" in unserem Edeka Markt in Duderstadt haben wir uns f\u00fcr den Brasil Dance entschieden. Sofort wurde uns nach der Anfrage ein optimales Angebot nach unseren W\u00fcnschen erstellt. Wir haben uns f\u00fcr das Angebot \"drei T\u00e4nzer\" entschieden (zwei Frauen und ein Mann). Vorab wurden wir telefonisch kontaktiert und alle relevanten Punkte wurden abgekl\u00e4rt. Da wir keine technischen Mittel f\u00fcr die Musik vor Ort hatten, war der Manager Herr Schneider so flexibel und hat uns eine \"mobile Musikstation\" gegen einen kleinen Aufpreis mitgebracht. Am Veranstaltungstag direkt war das Team p\u00fcnktlich vor Ort. Erst tanzten sich die Sambat\u00e4nzer durch den Markt zu unserer bereitgestellten Fl\u00e4che und danach legten sie eine feurige Sambashow aufs Parket. Unsere Kunden wurden in die Show mit einbezogen bspw. durch den Macarena Song oder einer Polonaise. Bei gro\u00df und klein kam die Show super an. Wir k\u00f6nnen den Brasil Dance mit gutem Gewissen weiterempfehlen und in unserem Markt wird es auch nicht der letzte Auftritt gewesen sein :-).\nWir \u2665 Brasil Dance\n<\/div>\n\t\t\t\n\t\t\t\t\t\t<div class=\"elementor-testimonial-meta\">\n\t\t\t\t<div class=\"elementor-testimonial-meta-inner\">\n\t\t\t\t\t\n\t\t\t\t\t\t\t\t\t\t<div class=\"elementor-testimonial-details\">\n\t\t\t\t\t\t\t\t\t\t\t\t\t\t<div class=\"elementor-testimonial-name\">Hannah B.<\/div>\n\t\t\t\t\t\t\t\t\t\t\t\t\t\t\t\t\t\t\t\t\t\t<div class=\"elementor-testimonial-job\">Edeka <\/div>\n\t\t\t\t\t\t\t\t\t\t\t\t\t<\/div>\n\t\t\t\t\t\t\t\t\t<\/div>\n\t\t\t<\/div>\n\t\t\t\t\t<\/div>\n\t\t\t\t<\/div>\n\t\t\t\t<\/div>\n\t\t\t\t\t\t<\/div>\n\t\t\t\t\t<\/div>\n\t\t<\/div>\n\t\t\t\t<div class=\"elementor-column elementor-col-50 elementor-inner-column elementor-element elementor-element-e62bedc\" data-id=\"e62bedc\" data-element_type=\"column\">\n\t\t\t<div class=\"elementor-column-wrap elementor-element-populated\">\n\t\t\t\t\t\t\t<div class=\"elementor-widget-wrap\">\n\t\t\t\t\t\t<div class=\"elementor-element elementor-element-689a479 elementor-widget elementor-widget-image\" data-id=\"689a479\" data-element_type=\"widget\" data-widget_type=\"image.default\">\n\t\t\t\t<div class=\"elementor-widget-container\">\n\t\t\t\t\t\t\t\t<div class=\"elementor-image\">\n\t\t\t\t\t\t\t\t\t\t\t\t<img decoding=\"async\" width=\"1328\" height=\"747\" src=\"https:\/\/www.brasil-dance.de\/wp-content\/uploads\/2019\/05\/Gala-2019.jpg\" class=\"attachment-full size-full wp-image-324\" alt=\"Brasil Dance Samba Show\" loading=\"lazy\" srcset=\"https:\/\/www.brasil-dance.de\/wp-content\/uploads\/2019\/05\/Gala-2019.jpg 1328w, https:\/\/www.brasil-dance.de\/wp-content\/uploads\/2019\/05\/Gala-2019-300x169.jpg 300w, https:\/\/www.brasil-dance.de\/wp-content\/uploads\/2019\/05\/Gala-2019-768x432.jpg 768w, https:\/\/www.brasil-dance.de\/wp-content\/uploads\/2019\/05\/Gala-2019-1024x576.jpg 1024w, https:\/\/www.brasil-dance.de\/wp-content\/uploads\/2019\/05\/Gala-2019-1140x641.jpg 1140w, https:\/\/www.brasil-dance.de\/wp-content\/uploads\/2019\/05\/Gala-2019-720x405.jpg 720w\" sizes=\"(max-width: 1328px) 100vw, 1328px\" \/>\t\t\t\t\t\t\t\t\t\t\t\t\t\t<\/div>\n\t\t\t\t\t\t<\/div>\n\t\t\t\t<\/div>\n\t\t\t\t\t\t<\/div>\n\t\t\t\t\t<\/div>\n\t\t<\/div>\n\t\t\t\t\t\t\t\t<\/div>\n\t\t\t\t\t<\/div>\n\t\t<\/section>\n\t\t\t\t\t\t<\/div>\n\t\t\t\t\t<\/div>\n\t\t<\/div>\n\t\t\t\t\t\t\t\t<\/div>\n\t\t\t\t\t<\/div>\n\t\t<\/section>\n\t\t\t\t\t\t\t\t\t<\/div>\n\t\t\t<\/div>\n\t\t\t\t\t<\/div>\n\t\t","protected":false},"excerpt":{"rendered":"<p>Bewertungen F\u00fcr unser j\u00e4hrliches Moonlightshopping unter dem Thema &#8222;Sommernachtstraum&#8220; in unserem Edeka Markt in Duderstadt haben wir uns f\u00fcr den Brasil Dance entschieden. Sofort wurde uns nach der Anfrage ein optimales Angebot nach unseren W\u00fcnschen erstellt. Wir haben uns f\u00fcr das Angebot &#8222;drei T\u00e4nzer&#8220; entschieden (zwei Frauen und ein Mann). Vorab wurden wir telefonisch kontaktiert [&hellip;]<\/p>\n","protected":false},"author":1,"featured_media":0,"parent":0,"menu_order":0,"comment_status":"closed","ping_status":"closed","template":"","meta":[],"yoast_head":"<!-- This site is optimized with the Yoast SEO plugin v20.1 - https:\/\/yoast.com\/wordpress\/plugins\/seo\/ -->\n<title>Bewertungen - Brasil-Dance<\/title>\n<meta name=\"robots\" content=\"index, follow, max-snippet:-1, max-image-preview:large, max-video-preview:-1\" \/>\n<link rel=\"canonical\" href=\"https:\/\/www.brasil-dance.de\/?page_id=342\" \/>\n<meta property=\"og:locale\" content=\"de_DE\" \/>\n<meta property=\"og:type\" content=\"article\" \/>\n<meta property=\"og:title\" content=\"Bewertungen - Brasil-Dance\" \/>\n<meta property=\"og:description\" content=\"Bewertungen F\u00fcr unser j\u00e4hrliches Moonlightshopping unter dem Thema &#8222;Sommernachtstraum&#8220; in unserem Edeka Markt in Duderstadt haben wir uns f\u00fcr den Brasil Dance entschieden. Sofort wurde uns nach der Anfrage ein optimales Angebot nach unseren W\u00fcnschen erstellt. Wir haben uns f\u00fcr das Angebot &#8222;drei T\u00e4nzer&#8220; entschieden (zwei Frauen und ein Mann). Vorab wurden wir telefonisch kontaktiert [&hellip;]\" \/>\n<meta property=\"og:url\" content=\"https:\/\/www.brasil-dance.de\/?page_id=342\" \/>\n<meta property=\"og:site_name\" content=\"Brasil-Dance\" \/>\n<meta property=\"article:modified_time\" content=\"2023-02-26T14:32:16+00:00\" \/>\n<meta property=\"og:image\" content=\"https:\/\/www.brasil-dance.de\/wp-content\/uploads\/2019\/05\/Gala-2019.jpg\" \/>\n<meta name=\"twitter:card\" content=\"summary_large_image\" \/>\n<meta name=\"twitter:label1\" content=\"Gesch\u00e4tzte Lesezeit\" \/>\n\t<meta name=\"twitter:data1\" content=\"2\u00a0Minuten\" \/>\n<script type=\"application\/ld+json\" class=\"yoast-schema-graph\">{\"@context\":\"https:\/\/schema.org\",\"@graph\":[{\"@type\":\"WebPage\",\"@id\":\"https:\/\/www.brasil-dance.de\/?page_id=342\",\"url\":\"https:\/\/www.brasil-dance.de\/?page_id=342\",\"name\":\"Bewertungen - Brasil-Dance\",\"isPartOf\":{\"@id\":\"https:\/\/www.brasil-dance.de\/#website\"},\"datePublished\":\"2019-05-10T08:52:32+00:00\",\"dateModified\":\"2023-02-26T14:32:16+00:00\",\"breadcrumb\":{\"@id\":\"https:\/\/www.brasil-dance.de\/?page_id=342#breadcrumb\"},\"inLanguage\":\"de\",\"potentialAction\":[{\"@type\":\"ReadAction\",\"target\":[\"https:\/\/www.brasil-dance.de\/?page_id=342\"]}]},{\"@type\":\"BreadcrumbList\",\"@id\":\"https:\/\/www.brasil-dance.de\/?page_id=342#breadcrumb\",\"itemListElement\":[{\"@type\":\"ListItem\",\"position\":1,\"name\":\"Startseite\",\"item\":\"https:\/\/www.brasil-dance.de\/\"},{\"@type\":\"ListItem\",\"position\":2,\"name\":\"Bewertungen\"}]},{\"@type\":\"WebSite\",\"@id\":\"https:\/\/www.brasil-dance.de\/#website\",\"url\":\"https:\/\/www.brasil-dance.de\/\",\"name\":\"Brasil-Dance\",\"description\":\"\",\"potentialAction\":[{\"@type\":\"SearchAction\",\"target\":{\"@type\":\"EntryPoint\",\"urlTemplate\":\"https:\/\/www.brasil-dance.de\/?s={search_term_string}\"},\"query-input\":\"required name=search_term_string\"}],\"inLanguage\":\"de\"}]}<\/script>\n<!-- \/ Yoast SEO plugin. -->","yoast_head_json":{"title":"Bewertungen - Brasil-Dance","robots":{"index":"index","follow":"follow","max-snippet":"max-snippet:-1","max-image-preview":"max-image-preview:large","max-video-preview":"max-video-preview:-1"},"canonical":"https:\/\/www.brasil-dance.de\/?page_id=342","og_locale":"de_DE","og_type":"article","og_title":"Bewertungen - Brasil-Dance","og_description":"Bewertungen F\u00fcr unser j\u00e4hrliches Moonlightshopping unter dem Thema &#8222;Sommernachtstraum&#8220; in unserem Edeka Markt in Duderstadt haben wir uns f\u00fcr den Brasil Dance entschieden. Sofort wurde uns nach der Anfrage ein optimales Angebot nach unseren W\u00fcnschen erstellt. Wir haben uns f\u00fcr das Angebot &#8222;drei T\u00e4nzer&#8220; entschieden (zwei Frauen und ein Mann). Vorab wurden wir telefonisch kontaktiert [&hellip;]","og_url":"https:\/\/www.brasil-dance.de\/?page_id=342","og_site_name":"Brasil-Dance","article_modified_time":"2023-02-26T14:32:16+00:00","og_image":[{"url":"https:\/\/www.brasil-dance.de\/wp-content\/uploads\/2019\/05\/Gala-2019.jpg"}],"twitter_card":"summary_large_image","twitter_misc":{"Gesch\u00e4tzte Lesezeit":"2\u00a0Minuten"},"schema":{"@context":"https:\/\/schema.org","@graph":[{"@type":"WebPage","@id":"https:\/\/www.brasil-dance.de\/?page_id=342","url":"https:\/\/www.brasil-dance.de\/?page_id=342","name":"Bewertungen - Brasil-Dance","isPartOf":{"@id":"https:\/\/www.brasil-dance.de\/#website"},"datePublished":"2019-05-10T08:52:32+00:00","dateModified":"2023-02-26T14:32:16+00:00","breadcrumb":{"@id":"https:\/\/www.brasil-dance.de\/?page_id=342#breadcrumb"},"inLanguage":"de","potentialAction":[{"@type":"ReadAction","target":["https:\/\/www.brasil-dance.de\/?page_id=342"]}]},{"@type":"BreadcrumbList","@id":"https:\/\/www.brasil-dance.de\/?page_id=342#breadcrumb","itemListElement":[{"@type":"ListItem","position":1,"name":"Startseite","item":"https:\/\/www.brasil-dance.de\/"},{"@type":"ListItem","position":2,"name":"Bewertungen"}]},{"@type":"WebSite","@id":"https:\/\/www.brasil-dance.de\/#website","url":"https:\/\/www.brasil-dance.de\/","name":"Brasil-Dance","description":"","potentialAction":[{"@type":"SearchAction","target":{"@type":"EntryPoint","urlTemplate":"https:\/\/www.brasil-dance.de\/?s={search_term_string}"},"query-input":"required name=search_term_string"}],"inLanguage":"de"}]}},"_links":{"self":[{"href":"https:\/\/www.brasil-dance.de\/index.php?rest_route=\/wp\/v2\/pages\/342"}],"collection":[{"href":"https:\/\/www.brasil-dance.de\/index.php?rest_route=\/wp\/v2\/pages"}],"about":[{"href":"https:\/\/www.brasil-dance.de\/index.php?rest_route=\/wp\/v2\/types\/page"}],"author":[{"embeddable":true,"href":"https:\/\/www.brasil-dance.de\/index.php?rest_route=\/wp\/v2\/users\/1"}],"replies":[{"embeddable":true,"href":"https:\/\/www.brasil-dance.de\/index.php?rest_route=%2Fwp%2Fv2%2Fcomments&post=342"}],"version-history":[{"count":24,"href":"https:\/\/www.brasil-dance.de\/index.php?rest_route=\/wp\/v2\/pages\/342\/revisions"}],"predecessor-version":[{"id":641,"href":"https:\/\/www.brasil-dance.de\/index.php?rest_route=\/wp\/v2\/pages\/342\/revisions\/641"}],"wp:attachment":[{"href":"https:\/\/www.brasil-dance.de\/index.php?rest_route=%2Fwp%2Fv2%2Fmedia&parent=342"}],"curies":[{"name":"wp","href":"https:\/\/api.w.org\/{rel}","templated":true}]}}