{"id":199,"date":"2019-05-08T10:00:25","date_gmt":"2019-05-08T10:00:25","guid":{"rendered":"https:\/\/www.brasil-dance.de\/?page_id=199"},"modified":"2023-02-26T14:40:42","modified_gmt":"2023-02-26T14:40:42","slug":"impressum","status":"publish","type":"page","link":"https:\/\/www.brasil-dance.de\/?page_id=199","title":{"rendered":"Impressum"},"content":{"rendered":"\t\t<div data-elementor-type=\"wp-post\" data-elementor-id=\"199\" class=\"elementor elementor-199\">\n\t\t\t\t\t\t<div class=\"elementor-inner\">\n\t\t\t\t<div class=\"elementor-section-wrap\">\n\t\t\t\t\t\t\t\t\t<section class=\"elementor-section elementor-top-section elementor-element elementor-element-d8bb38b elementor-section-boxed elementor-section-height-default elementor-section-height-default\" data-id=\"d8bb38b\" data-element_type=\"section\" data-settings=\"{&quot;background_background&quot;:&quot;classic&quot;}\">\n\t\t\t\t\t\t<div class=\"elementor-container elementor-column-gap-default\">\n\t\t\t\t\t\t\t<div class=\"elementor-row\">\n\t\t\t\t\t<div class=\"elementor-column elementor-col-100 elementor-top-column elementor-element elementor-element-b721d60\" data-id=\"b721d60\" data-element_type=\"column\">\n\t\t\t<div class=\"elementor-column-wrap elementor-element-populated\">\n\t\t\t\t\t\t\t<div class=\"elementor-widget-wrap\">\n\t\t\t\t\t\t<div class=\"elementor-element elementor-element-3e9ed29 elementor-widget elementor-widget-text-editor\" data-id=\"3e9ed29\" data-element_type=\"widget\" data-widget_type=\"text-editor.default\">\n\t\t\t\t<div class=\"elementor-widget-container\">\n\t\t\t\t\t\t\t\t<div class=\"elementor-text-editor elementor-clearfix\">\n\t\t\t\t<h2>Impressum<\/h2><p>Angaben gem \u00a7 5 TMG<\/p><p><strong>Brasil Dance | Leonard Schneider<\/strong><br \/>Salentinstr. 20<br \/>33102 Paderborn<\/p><p>Telefon: 05251-5311594<\/p><p>E-Mail: <a href=\"mailto:kontakt@brasil-dance.de\">kontakt@brasil-dance.de<\/a><\/p><p>Die Europ\u00e4ische Kommission stellt eine Plattform f\u00fcr die au\u00dfergerichtliche Online-Streitbeilegung (OS-Plattform) bereit, die Sie unter <a href=\"https:\/\/webgate.ec.europa.eu\/odr\/\">https:\/\/webgate.ec.europa.eu\/odr\/<\/a> erreichen. Unsere E-Mail-Adresse finden Sie in unserem Impressum.<\/p><p>Quelle: <a href=\"http:\/\/www.medienrecht-urheberrecht.de\/\">www.medienrecht-urheberrecht.de<\/a><\/p>\t\t\t\t\t<\/div>\n\t\t\t\t\t\t<\/div>\n\t\t\t\t<\/div>\n\t\t\t\t\t\t<\/div>\n\t\t\t\t\t<\/div>\n\t\t<\/div>\n\t\t\t\t\t\t\t\t<\/div>\n\t\t\t\t\t<\/div>\n\t\t<\/section>\n\t\t\t\t\t\t\t\t\t<\/div>\n\t\t\t<\/div>\n\t\t\t\t\t<\/div>\n\t\t","protected":false},"excerpt":{"rendered":"<p>Impressum Angaben gem \u00a7 5 TMG Brasil Dance | Leonard SchneiderSalentinstr. 2033102 Paderborn Telefon: 05251-5311594 E-Mail: kontakt@brasil-dance.de Die Europ\u00e4ische Kommission stellt eine Plattform f\u00fcr die au\u00dfergerichtliche Online-Streitbeilegung (OS-Plattform) bereit, die Sie unter https:\/\/webgate.ec.europa.eu\/odr\/ erreichen. Unsere E-Mail-Adresse finden Sie in unserem Impressum. Quelle: www.medienrecht-urheberrecht.de<\/p>\n","protected":false},"author":1,"featured_media":0,"parent":0,"menu_order":0,"comment_status":"closed","ping_status":"closed","template":"","meta":[],"yoast_head":"<!-- This site is optimized with the Yoast SEO plugin v20.1 - https:\/\/yoast.com\/wordpress\/plugins\/seo\/ -->\n<title>Impressum - Brasil-Dance<\/title>\n<meta name=\"robots\" content=\"index, follow, max-snippet:-1, max-image-preview:large, max-video-preview:-1\" \/>\n<link rel=\"canonical\" href=\"https:\/\/www.brasil-dance.de\/?page_id=199\" \/>\n<meta property=\"og:locale\" content=\"de_DE\" \/>\n<meta property=\"og:type\" content=\"article\" \/>\n<meta property=\"og:title\" content=\"Impressum - Brasil-Dance\" \/>\n<meta property=\"og:description\" content=\"Impressum Angaben gem \u00a7 5 TMG Brasil Dance | Leonard SchneiderSalentinstr. 2033102 Paderborn Telefon: 05251-5311594 E-Mail: kontakt@brasil-dance.de Die Europ\u00e4ische Kommission stellt eine Plattform f\u00fcr die au\u00dfergerichtliche Online-Streitbeilegung (OS-Plattform) bereit, die Sie unter https:\/\/webgate.ec.europa.eu\/odr\/ erreichen. Unsere E-Mail-Adresse finden Sie in unserem Impressum. Quelle: www.medienrecht-urheberrecht.de\" \/>\n<meta property=\"og:url\" content=\"https:\/\/www.brasil-dance.de\/?page_id=199\" \/>\n<meta property=\"og:site_name\" content=\"Brasil-Dance\" \/>\n<meta property=\"article:modified_time\" content=\"2023-02-26T14:40:42+00:00\" \/>\n<meta name=\"twitter:card\" content=\"summary_large_image\" \/>\n<meta name=\"twitter:label1\" content=\"Gesch\u00e4tzte Lesezeit\" \/>\n\t<meta name=\"twitter:data1\" content=\"1\u00a0Minute\" \/>\n<script type=\"application\/ld+json\" class=\"yoast-schema-graph\">{\"@context\":\"https:\/\/schema.org\",\"@graph\":[{\"@type\":\"WebPage\",\"@id\":\"https:\/\/www.brasil-dance.de\/?page_id=199\",\"url\":\"https:\/\/www.brasil-dance.de\/?page_id=199\",\"name\":\"Impressum - Brasil-Dance\",\"isPartOf\":{\"@id\":\"https:\/\/www.brasil-dance.de\/#website\"},\"datePublished\":\"2019-05-08T10:00:25+00:00\",\"dateModified\":\"2023-02-26T14:40:42+00:00\",\"breadcrumb\":{\"@id\":\"https:\/\/www.brasil-dance.de\/?page_id=199#breadcrumb\"},\"inLanguage\":\"de\",\"potentialAction\":[{\"@type\":\"ReadAction\",\"target\":[\"https:\/\/www.brasil-dance.de\/?page_id=199\"]}]},{\"@type\":\"BreadcrumbList\",\"@id\":\"https:\/\/www.brasil-dance.de\/?page_id=199#breadcrumb\",\"itemListElement\":[{\"@type\":\"ListItem\",\"position\":1,\"name\":\"Startseite\",\"item\":\"https:\/\/www.brasil-dance.de\/\"},{\"@type\":\"ListItem\",\"position\":2,\"name\":\"Impressum\"}]},{\"@type\":\"WebSite\",\"@id\":\"https:\/\/www.brasil-dance.de\/#website\",\"url\":\"https:\/\/www.brasil-dance.de\/\",\"name\":\"Brasil-Dance\",\"description\":\"\",\"potentialAction\":[{\"@type\":\"SearchAction\",\"target\":{\"@type\":\"EntryPoint\",\"urlTemplate\":\"https:\/\/www.brasil-dance.de\/?s={search_term_string}\"},\"query-input\":\"required name=search_term_string\"}],\"inLanguage\":\"de\"}]}<\/script>\n<!-- \/ Yoast SEO plugin. -->","yoast_head_json":{"title":"Impressum - Brasil-Dance","robots":{"index":"index","follow":"follow","max-snippet":"max-snippet:-1","max-image-preview":"max-image-preview:large","max-video-preview":"max-video-preview:-1"},"canonical":"https:\/\/www.brasil-dance.de\/?page_id=199","og_locale":"de_DE","og_type":"article","og_title":"Impressum - Brasil-Dance","og_description":"Impressum Angaben gem \u00a7 5 TMG Brasil Dance | Leonard SchneiderSalentinstr. 2033102 Paderborn Telefon: 05251-5311594 E-Mail: kontakt@brasil-dance.de Die Europ\u00e4ische Kommission stellt eine Plattform f\u00fcr die au\u00dfergerichtliche Online-Streitbeilegung (OS-Plattform) bereit, die Sie unter https:\/\/webgate.ec.europa.eu\/odr\/ erreichen. Unsere E-Mail-Adresse finden Sie in unserem Impressum. Quelle: www.medienrecht-urheberrecht.de","og_url":"https:\/\/www.brasil-dance.de\/?page_id=199","og_site_name":"Brasil-Dance","article_modified_time":"2023-02-26T14:40:42+00:00","twitter_card":"summary_large_image","twitter_misc":{"Gesch\u00e4tzte Lesezeit":"1\u00a0Minute"},"schema":{"@context":"https:\/\/schema.org","@graph":[{"@type":"WebPage","@id":"https:\/\/www.brasil-dance.de\/?page_id=199","url":"https:\/\/www.brasil-dance.de\/?page_id=199","name":"Impressum - Brasil-Dance","isPartOf":{"@id":"https:\/\/www.brasil-dance.de\/#website"},"datePublished":"2019-05-08T10:00:25+00:00","dateModified":"2023-02-26T14:40:42+00:00","breadcrumb":{"@id":"https:\/\/www.brasil-dance.de\/?page_id=199#breadcrumb"},"inLanguage":"de","potentialAction":[{"@type":"ReadAction","target":["https:\/\/www.brasil-dance.de\/?page_id=199"]}]},{"@type":"BreadcrumbList","@id":"https:\/\/www.brasil-dance.de\/?page_id=199#breadcrumb","itemListElement":[{"@type":"ListItem","position":1,"name":"Startseite","item":"https:\/\/www.brasil-dance.de\/"},{"@type":"ListItem","position":2,"name":"Impressum"}]},{"@type":"WebSite","@id":"https:\/\/www.brasil-dance.de\/#website","url":"https:\/\/www.brasil-dance.de\/","name":"Brasil-Dance","description":"","potentialAction":[{"@type":"SearchAction","target":{"@type":"EntryPoint","urlTemplate":"https:\/\/www.brasil-dance.de\/?s={search_term_string}"},"query-input":"required name=search_term_string"}],"inLanguage":"de"}]}},"_links":{"self":[{"href":"https:\/\/www.brasil-dance.de\/index.php?rest_route=\/wp\/v2\/pages\/199"}],"collection":[{"href":"https:\/\/www.brasil-dance.de\/index.php?rest_route=\/wp\/v2\/pages"}],"about":[{"href":"https:\/\/www.brasil-dance.de\/index.php?rest_route=\/wp\/v2\/types\/page"}],"author":[{"embeddable":true,"href":"https:\/\/www.brasil-dance.de\/index.php?rest_route=\/wp\/v2\/users\/1"}],"replies":[{"embeddable":true,"href":"https:\/\/www.brasil-dance.de\/index.php?rest_route=%2Fwp%2Fv2%2Fcomments&post=199"}],"version-history":[{"count":10,"href":"https:\/\/www.brasil-dance.de\/index.php?rest_route=\/wp\/v2\/pages\/199\/revisions"}],"predecessor-version":[{"id":647,"href":"https:\/\/www.brasil-dance.de\/index.php?rest_route=\/wp\/v2\/pages\/199\/revisions\/647"}],"wp:attachment":[{"href":"https:\/\/www.brasil-dance.de\/index.php?rest_route=%2Fwp%2Fv2%2Fmedia&parent=199"}],"curies":[{"name":"wp","href":"https:\/\/api.w.org\/{rel}","templated":true}]}}