{"id":190,"date":"2019-05-08T09:31:58","date_gmt":"2019-05-08T09:31:58","guid":{"rendered":"https:\/\/www.brasil-dance.de\/?page_id=190"},"modified":"2023-02-26T12:37:23","modified_gmt":"2023-02-26T12:37:23","slug":"referenzen-2","status":"publish","type":"page","link":"https:\/\/www.brasil-dance.de\/?page_id=190","title":{"rendered":"Referenzen"},"content":{"rendered":"\t\t<div data-elementor-type=\"wp-post\" data-elementor-id=\"190\" class=\"elementor elementor-190\">\n\t\t\t\t\t\t<div class=\"elementor-inner\">\n\t\t\t\t<div class=\"elementor-section-wrap\">\n\t\t\t\t\t\t\t\t\t<section class=\"elementor-section elementor-top-section elementor-element elementor-element-d8bb38b animated-slow elementor-section-boxed elementor-section-height-default elementor-section-height-default elementor-invisible\" data-id=\"d8bb38b\" data-element_type=\"section\" data-settings=\"{&quot;background_background&quot;:&quot;classic&quot;,&quot;animation&quot;:&quot;fadeIn&quot;}\">\n\t\t\t\t\t\t<div class=\"elementor-container elementor-column-gap-default\">\n\t\t\t\t\t\t\t<div class=\"elementor-row\">\n\t\t\t\t\t<div class=\"elementor-column elementor-col-100 elementor-top-column elementor-element elementor-element-b721d60\" data-id=\"b721d60\" data-element_type=\"column\">\n\t\t\t<div class=\"elementor-column-wrap elementor-element-populated\">\n\t\t\t\t\t\t\t<div class=\"elementor-widget-wrap\">\n\t\t\t\t\t\t<div class=\"elementor-element elementor-element-394469b elementor-widget elementor-widget-heading\" data-id=\"394469b\" data-element_type=\"widget\" data-widget_type=\"heading.default\">\n\t\t\t\t<div class=\"elementor-widget-container\">\n\t\t\t<h1 class=\"elementor-heading-title elementor-size-default\">Referenzen<\/h1>\t\t<\/div>\n\t\t\t\t<\/div>\n\t\t\t\t<div class=\"elementor-element elementor-element-4576e24 elementor-widget elementor-widget-heading\" data-id=\"4576e24\" data-element_type=\"widget\" data-widget_type=\"heading.default\">\n\t\t\t\t<div class=\"elementor-widget-container\">\n\t\t\t<h4 class=\"elementor-heading-title elementor-size-default\">\tHiermit m\u00f6chten wir uns nochmals bei unseren Kunden f\u00fcr Ihr Vertrauen bedanken und bei allen die uns weiter empfohlen haben.<\/h4>\t\t<\/div>\n\t\t\t\t<\/div>\n\t\t\t\t<div class=\"elementor-element elementor-element-d854f2d elementor-widget elementor-widget-text-editor\" data-id=\"d854f2d\" data-element_type=\"widget\" data-widget_type=\"text-editor.default\">\n\t\t\t\t<div class=\"elementor-widget-container\">\n\t\t\t\t\t\t\t\t<div class=\"elementor-text-editor elementor-clearfix\">\n\t\t\t\t<ul><li>ADAC<\/li><li>Aqualand in K\u00f6ln<\/li><li>Apollo Theater in Paderborn\u00a0<\/li><li>Achema Messe in Frankfurt<\/li><li>Westfalenhalle in Dortmund<\/li><li>Golfclub in Bad Driburg<\/li><li>Boca Chica in Bielefeld<\/li><li>Gerry Weber Stadion in Halle<\/li><li>Capitol in Paderborn<\/li><li>Eleganza Italiana in Mettmann<\/li><li>Swissotel in Neuss<\/li><li>Bremer Karneval in Bremen<\/li><li>Schokoladenmuseum in K\u00f6ln<\/li><li>Universit\u00e4tsklinikum in Jena<\/li><li>Sambafestival in Coburg<\/li><li>A2 Caf\u00e9 in M\u00fcnster<\/li><li>Monte Carlo Club in Brilon<\/li><li>Kegel Tanzpalast in Winterberg<\/li><li>Faurecia in K\u00f6ln<\/li><li>Firma DACHSER in Bielefeld<\/li><li>Wincor Nixdorf in Wien<\/li><li>Sempre Samba in Bad Wildungen\u00a0<\/li><li>WDR und HR-Fernsehehn<\/li><li>Karneval in Hagen<\/li><li>Motto Party in Rinteln<\/li><li>Firmenfeier in L\u00fcnnen<\/li><li>Sportveranstaltung in Waldeck<\/li><li>Edeka in Winsen\/Aller<\/li><li>Stadtfest in Kirchlengern<\/li><li>Porta M\u00f6bel in Bielefeld<\/li><li>Brambauer Senioren Fest in L\u00fcnnen<\/li><li>italienisches Restaurant in Herne<\/li><li>BMW B&amp; K in Bad Salzuflen<\/li><li>russische Silvester Party in Wei\u00dfenthurm Neuwied<\/li><li>Disco Feier in Versmold<\/li><li>ZDF Neo in K\u00f6ln<\/li><li>Zumba Veranstaltung in Herford<\/li><li>Hessentag in Kassel<\/li><li>Neuenstein<\/li><li>Firmenfeier in Stuttgart<\/li><li>Firmenfeier Hamburg Beach<\/li><li>Truck Wash in Geseke<\/li><li>Deutsche Bahn in Hannover<\/li><li>t\u00fcrkische Silvester Feier in Steinhagen<\/li><li>Sparkasse in Salzgitter<\/li><li>Kaufland in Holzminden<\/li><li>B\u00fcnde<\/li><li>Scharmede<\/li><li>Karneval Verein Ottbergen in Salzkotten<\/li><li>Tanztheater in Leipzig<\/li><li>Mercedes Autohaus in Ahlen<\/li><li>Bad Lippspringe<\/li><li>Modehaus in Frankenberg<\/li><li>Autohaus in Rietberg<\/li><li>Stadthalle in Herford<\/li><li>Seven One Media in K\u00f6ln<\/li><li>Hamburg<\/li><li>Pro Sieben Sat 1(Christoph Maria Herbst &#8211; Stromberg)<\/li><li>Disco in M\u00fcnster<\/li><li>Firmenfeier in K\u00f6ln Frechen<\/li><li>BMW Autohaus in Nordkirchen<\/li><li>Hessentag in Bensheim<\/li><li>Firmenfeier in Witten<\/li><li>Mercedes Autohaus in Beckum<\/li><li>Sommerfest in B\u00fcnde<\/li><li>Firmenfeier Continental Reifen in Kassel<\/li><li>Firma Feier in Hildesheim<\/li><li>Firmenevent in Korschenbroich und Hamburg<\/li><li>Videoaufnahme in Braunschweig<\/li><li>Sauna in Hasbergen<\/li><li>D\u00fclken<\/li><li>Hattingen<\/li><li>L\u00f6hne<\/li><li>Edeka in B\u00fcckeburg<\/li><li>Firmenfeier in Rheda Wiedenbr\u00fcck<\/li><li>russische Silvester Party in Siegen<\/li><li>Stadthalle und Hotel in Herdecke<\/li><li>Flughafen in Paderborn Lippstadt<\/li><li>Restaurant in Hamburg<\/li><li>Zigarrenevent in Osnabr\u00fcck Belm<\/li><li>Firma Happe in Paderborn\u00a0<\/li><li>M\u00f6bel Porta in G\u00fctersloh<\/li><li>HR in Frankfurt<\/li><li>Sch\u00fctzenfest in Sandhausen<\/li><li>Firmenfeier in D\u00fcsseldorf<\/li><li>Sch\u00fctzenfest in Hamm<\/li><li>Karneval in Fritzlar\u00a0<\/li><li>Stadthalle in H\u00f6xter<\/li><li>Silvesterparty in Baunatal<\/li><\/ul>\t\t\t\t\t<\/div>\n\t\t\t\t\t\t<\/div>\n\t\t\t\t<\/div>\n\t\t\t\t\t\t<\/div>\n\t\t\t\t\t<\/div>\n\t\t<\/div>\n\t\t\t\t\t\t\t\t<\/div>\n\t\t\t\t\t<\/div>\n\t\t<\/section>\n\t\t\t\t<section class=\"elementor-section elementor-top-section elementor-element elementor-element-8fd513e elementor-section-boxed elementor-section-height-default elementor-section-height-default\" data-id=\"8fd513e\" data-element_type=\"section\">\n\t\t\t\t\t\t<div class=\"elementor-container elementor-column-gap-default\">\n\t\t\t\t\t\t\t<div class=\"elementor-row\">\n\t\t\t\t\t<div class=\"elementor-column elementor-col-100 elementor-top-column elementor-element elementor-element-0a1b053\" data-id=\"0a1b053\" data-element_type=\"column\">\n\t\t\t<div class=\"elementor-column-wrap elementor-element-populated\">\n\t\t\t\t\t\t\t<div class=\"elementor-widget-wrap\">\n\t\t\t\t\t\t<div class=\"elementor-element elementor-element-3959919 elementor-widget elementor-widget-spacer\" data-id=\"3959919\" data-element_type=\"widget\" data-widget_type=\"spacer.default\">\n\t\t\t\t<div class=\"elementor-widget-container\">\n\t\t\t\t\t<div class=\"elementor-spacer\">\n\t\t\t<div class=\"elementor-spacer-inner\"><\/div>\n\t\t<\/div>\n\t\t\t\t<\/div>\n\t\t\t\t<\/div>\n\t\t\t\t\t\t<\/div>\n\t\t\t\t\t<\/div>\n\t\t<\/div>\n\t\t\t\t\t\t\t\t<\/div>\n\t\t\t\t\t<\/div>\n\t\t<\/section>\n\t\t\t\t\t\t\t\t\t<\/div>\n\t\t\t<\/div>\n\t\t\t\t\t<\/div>\n\t\t","protected":false},"excerpt":{"rendered":"<p>Referenzen Hiermit m\u00f6chten wir uns nochmals bei unseren Kunden f\u00fcr Ihr Vertrauen bedanken und bei allen die uns weiter empfohlen haben. ADAC Aqualand in K\u00f6ln Apollo Theater in Paderborn\u00a0 Achema Messe in Frankfurt Westfalenhalle in Dortmund Golfclub in Bad Driburg Boca Chica in Bielefeld Gerry Weber Stadion in Halle Capitol in Paderborn Eleganza Italiana in [&hellip;]<\/p>\n","protected":false},"author":1,"featured_media":0,"parent":0,"menu_order":0,"comment_status":"closed","ping_status":"closed","template":"","meta":[],"yoast_head":"<!-- This site is optimized with the Yoast SEO plugin v20.1 - https:\/\/yoast.com\/wordpress\/plugins\/seo\/ -->\n<title>Referenzen - Brasil-Dance<\/title>\n<meta name=\"robots\" content=\"index, follow, max-snippet:-1, max-image-preview:large, max-video-preview:-1\" \/>\n<link rel=\"canonical\" href=\"https:\/\/www.brasil-dance.de\/?page_id=190\" \/>\n<meta property=\"og:locale\" content=\"de_DE\" \/>\n<meta property=\"og:type\" content=\"article\" \/>\n<meta property=\"og:title\" content=\"Referenzen - Brasil-Dance\" \/>\n<meta property=\"og:description\" content=\"Referenzen Hiermit m\u00f6chten wir uns nochmals bei unseren Kunden f\u00fcr Ihr Vertrauen bedanken und bei allen die uns weiter empfohlen haben. ADAC Aqualand in K\u00f6ln Apollo Theater in Paderborn\u00a0 Achema Messe in Frankfurt Westfalenhalle in Dortmund Golfclub in Bad Driburg Boca Chica in Bielefeld Gerry Weber Stadion in Halle Capitol in Paderborn Eleganza Italiana in [&hellip;]\" \/>\n<meta property=\"og:url\" content=\"https:\/\/www.brasil-dance.de\/?page_id=190\" \/>\n<meta property=\"og:site_name\" content=\"Brasil-Dance\" \/>\n<meta property=\"article:modified_time\" content=\"2023-02-26T12:37:23+00:00\" \/>\n<meta name=\"twitter:card\" content=\"summary_large_image\" \/>\n<meta name=\"twitter:label1\" content=\"Gesch\u00e4tzte Lesezeit\" \/>\n\t<meta name=\"twitter:data1\" content=\"2\u00a0Minuten\" \/>\n<script type=\"application\/ld+json\" class=\"yoast-schema-graph\">{\"@context\":\"https:\/\/schema.org\",\"@graph\":[{\"@type\":\"WebPage\",\"@id\":\"https:\/\/www.brasil-dance.de\/?page_id=190\",\"url\":\"https:\/\/www.brasil-dance.de\/?page_id=190\",\"name\":\"Referenzen - Brasil-Dance\",\"isPartOf\":{\"@id\":\"https:\/\/www.brasil-dance.de\/#website\"},\"datePublished\":\"2019-05-08T09:31:58+00:00\",\"dateModified\":\"2023-02-26T12:37:23+00:00\",\"breadcrumb\":{\"@id\":\"https:\/\/www.brasil-dance.de\/?page_id=190#breadcrumb\"},\"inLanguage\":\"de\",\"potentialAction\":[{\"@type\":\"ReadAction\",\"target\":[\"https:\/\/www.brasil-dance.de\/?page_id=190\"]}]},{\"@type\":\"BreadcrumbList\",\"@id\":\"https:\/\/www.brasil-dance.de\/?page_id=190#breadcrumb\",\"itemListElement\":[{\"@type\":\"ListItem\",\"position\":1,\"name\":\"Startseite\",\"item\":\"https:\/\/www.brasil-dance.de\/\"},{\"@type\":\"ListItem\",\"position\":2,\"name\":\"Referenzen\"}]},{\"@type\":\"WebSite\",\"@id\":\"https:\/\/www.brasil-dance.de\/#website\",\"url\":\"https:\/\/www.brasil-dance.de\/\",\"name\":\"Brasil-Dance\",\"description\":\"\",\"potentialAction\":[{\"@type\":\"SearchAction\",\"target\":{\"@type\":\"EntryPoint\",\"urlTemplate\":\"https:\/\/www.brasil-dance.de\/?s={search_term_string}\"},\"query-input\":\"required name=search_term_string\"}],\"inLanguage\":\"de\"}]}<\/script>\n<!-- \/ Yoast SEO plugin. -->","yoast_head_json":{"title":"Referenzen - Brasil-Dance","robots":{"index":"index","follow":"follow","max-snippet":"max-snippet:-1","max-image-preview":"max-image-preview:large","max-video-preview":"max-video-preview:-1"},"canonical":"https:\/\/www.brasil-dance.de\/?page_id=190","og_locale":"de_DE","og_type":"article","og_title":"Referenzen - Brasil-Dance","og_description":"Referenzen Hiermit m\u00f6chten wir uns nochmals bei unseren Kunden f\u00fcr Ihr Vertrauen bedanken und bei allen die uns weiter empfohlen haben. ADAC Aqualand in K\u00f6ln Apollo Theater in Paderborn\u00a0 Achema Messe in Frankfurt Westfalenhalle in Dortmund Golfclub in Bad Driburg Boca Chica in Bielefeld Gerry Weber Stadion in Halle Capitol in Paderborn Eleganza Italiana in [&hellip;]","og_url":"https:\/\/www.brasil-dance.de\/?page_id=190","og_site_name":"Brasil-Dance","article_modified_time":"2023-02-26T12:37:23+00:00","twitter_card":"summary_large_image","twitter_misc":{"Gesch\u00e4tzte Lesezeit":"2\u00a0Minuten"},"schema":{"@context":"https:\/\/schema.org","@graph":[{"@type":"WebPage","@id":"https:\/\/www.brasil-dance.de\/?page_id=190","url":"https:\/\/www.brasil-dance.de\/?page_id=190","name":"Referenzen - Brasil-Dance","isPartOf":{"@id":"https:\/\/www.brasil-dance.de\/#website"},"datePublished":"2019-05-08T09:31:58+00:00","dateModified":"2023-02-26T12:37:23+00:00","breadcrumb":{"@id":"https:\/\/www.brasil-dance.de\/?page_id=190#breadcrumb"},"inLanguage":"de","potentialAction":[{"@type":"ReadAction","target":["https:\/\/www.brasil-dance.de\/?page_id=190"]}]},{"@type":"BreadcrumbList","@id":"https:\/\/www.brasil-dance.de\/?page_id=190#breadcrumb","itemListElement":[{"@type":"ListItem","position":1,"name":"Startseite","item":"https:\/\/www.brasil-dance.de\/"},{"@type":"ListItem","position":2,"name":"Referenzen"}]},{"@type":"WebSite","@id":"https:\/\/www.brasil-dance.de\/#website","url":"https:\/\/www.brasil-dance.de\/","name":"Brasil-Dance","description":"","potentialAction":[{"@type":"SearchAction","target":{"@type":"EntryPoint","urlTemplate":"https:\/\/www.brasil-dance.de\/?s={search_term_string}"},"query-input":"required name=search_term_string"}],"inLanguage":"de"}]}},"_links":{"self":[{"href":"https:\/\/www.brasil-dance.de\/index.php?rest_route=\/wp\/v2\/pages\/190"}],"collection":[{"href":"https:\/\/www.brasil-dance.de\/index.php?rest_route=\/wp\/v2\/pages"}],"about":[{"href":"https:\/\/www.brasil-dance.de\/index.php?rest_route=\/wp\/v2\/types\/page"}],"author":[{"embeddable":true,"href":"https:\/\/www.brasil-dance.de\/index.php?rest_route=\/wp\/v2\/users\/1"}],"replies":[{"embeddable":true,"href":"https:\/\/www.brasil-dance.de\/index.php?rest_route=%2Fwp%2Fv2%2Fcomments&post=190"}],"version-history":[{"count":11,"href":"https:\/\/www.brasil-dance.de\/index.php?rest_route=\/wp\/v2\/pages\/190\/revisions"}],"predecessor-version":[{"id":611,"href":"https:\/\/www.brasil-dance.de\/index.php?rest_route=\/wp\/v2\/pages\/190\/revisions\/611"}],"wp:attachment":[{"href":"https:\/\/www.brasil-dance.de\/index.php?rest_route=%2Fwp%2Fv2%2Fmedia&parent=190"}],"curies":[{"name":"wp","href":"https:\/\/api.w.org\/{rel}","templated":true}]}}